{"id":330,"date":"2019-03-04T17:21:49","date_gmt":"2019-03-04T17:21:49","guid":{"rendered":"https:\/\/rivieraestatespain.es\/about-us\/"},"modified":"2021-03-04T12:57:28","modified_gmt":"2021-03-04T11:57:28","slug":"about-us","status":"publish","type":"page","link":"https:\/\/rivieraestatespain.es\/fr\/about-us\/","title":{"rendered":"About Us"},"content":{"rendered":"<p>[et_pb_section fb_built=\u00a0\u00bb1&Prime; _builder_version=\u00a0\u00bb3.22&Prime; background_color=\u00a0\u00bb#ED6801&Prime; custom_padding=\u00a0\u00bb0px||0px||true\u00a0\u00bb][et_pb_row _builder_version=\u00a0\u00bb3.25&Prime;][et_pb_column type=\u00a0\u00bb4_4&Prime; _builder_version=\u00a0\u00bb3.25&Prime; custom_padding=\u00a0\u00bb|||\u00a0\u00bb custom_padding__hover=\u00a0\u00bb|||\u00a0\u00bb][et_pb_text _builder_version=\u00a0\u00bb4.9.1&Prime; header_font=\u00a0\u00bb||||||||\u00a0\u00bb header_text_color=\u00a0\u00bb#ffffff\u00a0\u00bb hover_enabled=\u00a0\u00bb0&Prime; sticky_enabled=\u00a0\u00bb0&Prime;]<\/p>\n<h1>QUI SOMMES NOUS<\/h1>\n<p>[\/et_pb_text][\/et_pb_column][\/et_pb_row][\/et_pb_section][et_pb_section fb_built=\u00a0\u00bb1&Prime; _builder_version=\u00a0\u00bb3.22&Prime;][et_pb_row column_structure=\u00a0\u00bb2_5,3_5&Prime; _builder_version=\u00a0\u00bb3.25&Prime; custom_padding=\u00a0\u00bb||0px\u00a0\u00bb][et_pb_column type=\u00a0\u00bb2_5&Prime; _builder_version=\u00a0\u00bb3.25&Prime; custom_padding=\u00a0\u00bb|||\u00a0\u00bb custom_padding__hover=\u00a0\u00bb|||\u00a0\u00bb][et_pb_image src=\u00a0\u00bbhttps:\/\/rivieraestatespain.es\/wp-content\/uploads\/2019\/03\/people-with-sign.jpg\u00a0\u00bb align_tablet=\u00a0\u00bbcenter\u00a0\u00bb align_phone=\u00a0\u00bb\u00a0\u00bb align_last_edited=\u00a0\u00bbon|desktop\u00a0\u00bb _builder_version=\u00a0\u00bb3.23&Prime;][\/et_pb_image][\/et_pb_column][et_pb_column type=\u00a0\u00bb3_5&Prime; _builder_version=\u00a0\u00bb3.25&Prime; custom_padding=\u00a0\u00bb|||\u00a0\u00bb custom_padding__hover=\u00a0\u00bb|||\u00a0\u00bb][et_pb_text _builder_version=\u00a0\u00bb4.9.1&Prime; text_font=\u00a0\u00bb||||||||\u00a0\u00bb hover_enabled=\u00a0\u00bb0&Prime; sticky_enabled=\u00a0\u00bb0&Prime;]<\/p>\n<p><strong>Bienvenue sur le site web de Riviera Estate. Nous sommes une \u00e9quipe professionnelle compos\u00e9e de consultants immobiliers exp\u00e9riment\u00e9s et multilingues sur la Costa del Sol.<\/strong><\/p>\n<p>Notre devise est de r\u00e9pondre \u00e0 vos attentes en vous pr\u00e9sentant de meilleures offres \u00e0 toutes vos exigences immobili\u00e8res.<\/p>\n<p>Gr\u00e2ce \u00e0 notre r\u00e9seau de plus de 800 agents immobiliers, nous disposons d&rsquo;un acc\u00e8s direct \u00e0 toutes les offres en propri\u00e9t\u00e9s sur la Costa del Sol. Plus de 40.000 propri\u00e9t\u00e9s au choix. Si parmi ces offres aucun projet ne r\u00e9pond \u00e0 vos attentes, c&rsquo;est qu&rsquo;il n y en pas! Notre objectif est de vous faire gagner du temps en faisant le travail \u00e0 votre place.<\/p>\n<p>Avec un microclimat de 320 jours de soleil par an, il n y a pas de meilleur climat en Europe.<\/p>\n<p>[\/et_pb_text][\/et_pb_column][\/et_pb_row][et_pb_row _builder_version=\u00a0\u00bb3.25&Prime; custom_padding=\u00a0\u00bb0px||\u00a0\u00bb][et_pb_column type=\u00a0\u00bb4_4&Prime; _builder_version=\u00a0\u00bb3.25&Prime; custom_padding=\u00a0\u00bb|||\u00a0\u00bb custom_padding__hover=\u00a0\u00bb|||\u00a0\u00bb][et_pb_text _builder_version=\u00a0\u00bb4.9.1&Prime; hover_enabled=\u00a0\u00bb0&Prime; sticky_enabled=\u00a0\u00bb0&Prime;]<\/p>\n<p><strong>Maintenant est vraiment le moment d&rsquo;investir\u00a0!<\/strong> Profitez de ce moment propice\u00a0 avant que les prix n&rsquo;augmentent\u00a0! Vous b\u00e9n\u00e9ficierez d&rsquo;une croissance du capital immobilier dont le d\u00e9veloppement est positif par rapport au marcher financier. Ceci souligne qu&rsquo; actuellement le march\u00e9 est favorable aux acheteurs\u00a0!<\/p>\n<p>Nous vous proposons une large gammes de biens susceptibles de vous int\u00e9resser, tels que\u00a0:<\/p>\n<ul>\n<li><span>Villas, maisons de ville<\/span><\/li>\n<li><span>Appartements r\u00e9sidentiels pour vacances\u00a0 ou r\u00e9sidence.<\/span><\/li>\n<li><span>locaux commerciaux pour tous types d&rsquo;activit\u00e9s (bars, restaurants, bureaux etc.)<\/span><\/li>\n<li><span>Terrains pour maisons individuelles ou appartements et maisons de ville dans le <\/span>cadre de d\u00e9veloppement urbain.<\/li>\n<\/ul>\n<p>Notre bureau est situ\u00e9 \u00e0 Riviera del Sol, cet emplacement nous permet d&rsquo;offrir la meilleure s\u00e9lection de propri\u00e9t\u00e9s, que vous soyez \u00e0 la recherche d&rsquo;une maison de vacances ou d&rsquo;une r\u00e9sidence permanente ici sur la Costa del Sol.<\/p>\n<p>Si vous souhaitez acheter, vendre ou louer une propri\u00e9t\u00e9 \u00e0 Marbella ou \u00e0 Mijas Costa,\u00a0 dans les environs ou sur la Costa del Sol, nous vous garantissons un service professionnel et personnalis\u00e9 avec des conseils directs.<\/p>\n<p>Nous allons vous simplifier la vie en vous aidant quant aux hypoth\u00e8ques, aux forfaits de meubles, \u00e0 la r\u00e9novation\u00a0 et aux frais juridiques.<\/p>\n<p>Nous serons \u00e0 l&rsquo;\u00e9coute attentive de vos besoins et s\u00e9lectionnerons exactement les types de propri\u00e9t\u00e9s qui vous int\u00e9ressent. Avec des connaissances locales approfondies, nous vous assurons que le choix que vous faites est le bon. Contactez-nous d\u00e8s \u00e0 pr\u00e9sent\u00a0 pour d\u00e9couvrir pourquoi nous sommes l&rsquo;un des experts immobiliers.<\/p>\n<p>[\/et_pb_text][et_pb_text _builder_version=\u00a0\u00bb3.27.4&Prime;]<script>\/\/ <![CDATA[\nfunction goBack() { window.history.back() }\n\/\/ ]]><\/script><br \/>\n<button onclick=\"goBack()\">Go Back<\/button>[\/et_pb_text][\/et_pb_column][\/et_pb_row][\/et_pb_section]<\/p>\n","protected":false},"excerpt":{"rendered":"<p>[et_pb_section fb_built=\u00a0\u00bb1&Prime; _builder_version=\u00a0\u00bb3.22&Prime; background_color=\u00a0\u00bb#ED6801&Prime; custom_padding=\u00a0\u00bb0px||0px||true\u00a0\u00bb][et_pb_row _builder_version=\u00a0\u00bb3.25&Prime;][et_pb_column type=\u00a0\u00bb4_4&Prime; _builder_version=\u00a0\u00bb3.25&Prime; custom_padding=\u00a0\u00bb|||\u00a0\u00bb custom_padding__hover=\u00a0\u00bb|||\u00a0\u00bb][et_pb_text _builder_version=\u00a0\u00bb4.9.1&Prime; header_font=\u00a0\u00bb||||||||\u00a0\u00bb header_text_color=\u00a0\u00bb#ffffff\u00a0\u00bb hover_enabled=\u00a0\u00bb0&Prime; sticky_enabled=\u00a0\u00bb0&Prime;] QUI SOMMES NOUS [\/et_pb_text][\/et_pb_column][\/et_pb_row][\/et_pb_section][et_pb_section fb_built=\u00a0\u00bb1&Prime; _builder_version=\u00a0\u00bb3.22&Prime;][et_pb_row column_structure=\u00a0\u00bb2_5,3_5&Prime; _builder_version=\u00a0\u00bb3.25&Prime; custom_padding=\u00a0\u00bb||0px\u00a0\u00bb][et_pb_column type=\u00a0\u00bb2_5&Prime; _builder_version=\u00a0\u00bb3.25&Prime; custom_padding=\u00a0\u00bb|||\u00a0\u00bb custom_padding__hover=\u00a0\u00bb|||\u00a0\u00bb][et_pb_image src=\u00a0\u00bbhttps:\/\/rivieraestatespain.es\/wp-content\/uploads\/2019\/03\/people-with-sign.jpg\u00a0\u00bb align_tablet=\u00a0\u00bbcenter\u00a0\u00bb align_phone=\u00a0\u00bb\u00a0\u00bb align_last_edited=\u00a0\u00bbon|desktop\u00a0\u00bb _builder_version=\u00a0\u00bb3.23&Prime;][\/et_pb_image][\/et_pb_column][et_pb_column type=\u00a0\u00bb3_5&Prime; _builder_version=\u00a0\u00bb3.25&Prime; custom_padding=\u00a0\u00bb|||\u00a0\u00bb custom_padding__hover=\u00a0\u00bb|||\u00a0\u00bb][et_pb_text _builder_version=\u00a0\u00bb4.9.1&Prime; text_font=\u00a0\u00bb||||||||\u00a0\u00bb hover_enabled=\u00a0\u00bb0&Prime; sticky_enabled=\u00a0\u00bb0&Prime;] Bienvenue sur le site web de Riviera Estate. Nous sommes une \u00e9quipe professionnelle compos\u00e9e [&hellip;]<\/p>\n","protected":false},"author":2,"featured_media":0,"parent":0,"menu_order":0,"comment_status":"closed","ping_status":"closed","template":"","meta":{"_et_pb_use_builder":"on","_et_pb_old_content":"","_et_gb_content_width":""},"_links":{"self":[{"href":"https:\/\/rivieraestatespain.es\/fr\/wp-json\/wp\/v2\/pages\/330"}],"collection":[{"href":"https:\/\/rivieraestatespain.es\/fr\/wp-json\/wp\/v2\/pages"}],"about":[{"href":"https:\/\/rivieraestatespain.es\/fr\/wp-json\/wp\/v2\/types\/page"}],"author":[{"embeddable":true,"href":"https:\/\/rivieraestatespain.es\/fr\/wp-json\/wp\/v2\/users\/2"}],"replies":[{"embeddable":true,"href":"https:\/\/rivieraestatespain.es\/fr\/wp-json\/wp\/v2\/comments?post=330"}],"version-history":[{"count":2,"href":"https:\/\/rivieraestatespain.es\/fr\/wp-json\/wp\/v2\/pages\/330\/revisions"}],"predecessor-version":[{"id":333,"href":"https:\/\/rivieraestatespain.es\/fr\/wp-json\/wp\/v2\/pages\/330\/revisions\/333"}],"wp:attachment":[{"href":"https:\/\/rivieraestatespain.es\/fr\/wp-json\/wp\/v2\/media?parent=330"}],"curies":[{"name":"wp","href":"https:\/\/api.w.org\/{rel}","templated":true}]}}