{"id":240,"date":"2019-03-07T19:38:46","date_gmt":"2019-03-07T19:38:46","guid":{"rendered":"https:\/\/rivieraestatespain.es\/property-management\/"},"modified":"2019-03-07T19:44:40","modified_gmt":"2019-03-07T19:44:40","slug":"mantenimento-de-propiedades","status":"publish","type":"page","link":"https:\/\/rivieraestatespain.es\/es\/mantenimento-de-propiedades\/","title":{"rendered":"Mantenimento de Propiedades"},"content":{"rendered":"<p>[et_pb_section fb_built=\u00bb1&#8243; next_background_color=\u00bb#ffffff\u00bb _builder_version=\u00bb3.19.18&#8243; background_color=\u00bb#ED6801&#8243; custom_padding=\u00bb0px||0px||true\u00bb][et_pb_row _builder_version=\u00bb3.19.18&#8243;][et_pb_column type=\u00bb4_4&#8243; _builder_version=\u00bb3.0.47&#8243;][et_pb_text _builder_version=\u00bb3.19.18&#8243; header_font=\u00bb||||||||\u00bb header_text_color=\u00bb#ffffff\u00bb]<\/p>\n<h1><span style=\"vertical-align: inherit;\"><span style=\"vertical-align: inherit;\">Mantenimento de Propiedades<\/span><\/span><\/h1>\n<p>[\/et_pb_text][\/et_pb_column][\/et_pb_row][\/et_pb_section][et_pb_section fb_built=\u00bb1&#8243; _builder_version=\u00bb3.19.18&#8243;][et_pb_row _builder_version=\u00bb3.19.18&#8243;][et_pb_column type=\u00bb4_4&#8243; _builder_version=\u00bb3.19.18&#8243;][et_pb_text _builder_version=\u00bb3.19.18&#8243;]<\/p>\n<p><strong>Nuestro paquete de mantenimiento de propiedades m\u00e1s popular incluye lo siguiente a un costo de s\u00f3lo \u20ac 600 + IVA por a\u00f1o:<\/strong><\/p>\n<p>Realizaremos inspecciones de la propiedad a menos que est\u00e9 ocupada, tambi\u00e9n inspeccionaremos despu\u00e9s de incidentes de tormenta, lluvia fuerte viento, etc.<\/p>\n<p>Visitas adicionales al apartamento cuando sea necesario, entregas o devoluciones de las llaves, etc.<\/p>\n<p>Gesti\u00f3n de las llaves del apartamento.<\/p>\n<p>Preparaci\u00f3n de la propiedad para usted o sus visitas (cargos por los gastos de limpieza y lavander\u00eda)<\/p>\n<p>Ayudar en la adquisici\u00f3n de alquileres a trav\u00e9s de los medios que tenemos (pagina web, resales on line o directamente desde nuestra oficina) la comisi\u00f3n se aplicara a los alquileres exitosos, y un mes para larga temporada que se cobra cada vez que se renueva el contrato).<\/p>\n<p>Gesti\u00f3n y preparaci\u00f3n de un inventario detallado de la propiedad cuando se alquile para vacacional o larga temporada.<\/p>\n<p>Preparaci\u00f3n de contrato de alquiler legal para alquileres a corto o largo plazo.<\/p>\n<p>Llevar a cabo el mantenimiento de conservaci\u00f3n y de mejora como los trabajos de administraci\u00f3n general que sean necesarios (cargos por este servicio)<\/p>\n<p>Disponibilidad para realizar reparaciones de emergencia cuando sea necesario (se aplican cargos)<\/p>\n<p>Asesorar \/ asistir en asuntos legales y requisitos fiscales, traducciones de idiomas cuando sea necesario.<\/p>\n<p>Pintura, decoraci\u00f3n y otros servicios profesionales.<\/p>\n<p>Podemos obtener presupuestos y autorizar el trabajo en su nombre de empresas locales acreditadas para otros servicios como electricistas, fontaneros, climatizaci\u00f3n, etc.<\/p>\n<p>Por favor, no dude en ponerse en contacto con nosotros para discutir sus necesidades personales o para organizar una visita a domicilio sin compromiso y cotizaci\u00f3n.<\/p>\n<p>&nbsp;<\/p>\n<p>[\/et_pb_text][\/et_pb_column][\/et_pb_row][\/et_pb_section]<\/p>\n","protected":false},"excerpt":{"rendered":"<p>[et_pb_section fb_built=\u00bb1&#8243; next_background_color=\u00bb#ffffff\u00bb _builder_version=\u00bb3.19.18&#8243; background_color=\u00bb#ED6801&#8243; custom_padding=\u00bb0px||0px||true\u00bb][et_pb_row _builder_version=\u00bb3.19.18&#8243;][et_pb_column type=\u00bb4_4&#8243; _builder_version=\u00bb3.0.47&#8243;][et_pb_text _builder_version=\u00bb3.19.18&#8243; header_font=\u00bb||||||||\u00bb header_text_color=\u00bb#ffffff\u00bb] Mantenimento de Propiedades [\/et_pb_text][\/et_pb_column][\/et_pb_row][\/et_pb_section][et_pb_section fb_built=\u00bb1&#8243; _builder_version=\u00bb3.19.18&#8243;][et_pb_row _builder_version=\u00bb3.19.18&#8243;][et_pb_column type=\u00bb4_4&#8243; _builder_version=\u00bb3.19.18&#8243;][et_pb_text _builder_version=\u00bb3.19.18&#8243;] Nuestro paquete de mantenimiento de propiedades m\u00e1s popular incluye lo siguiente a un costo de s\u00f3lo \u20ac 600 + IVA por a\u00f1o: Realizaremos inspecciones de la propiedad a menos que est\u00e9 ocupada, tambi\u00e9n [&hellip;]<\/p>\n","protected":false},"author":2,"featured_media":0,"parent":0,"menu_order":0,"comment_status":"closed","ping_status":"closed","template":"","meta":{"_et_pb_use_builder":"on","_et_pb_old_content":"","_et_gb_content_width":""},"_links":{"self":[{"href":"https:\/\/rivieraestatespain.es\/es\/wp-json\/wp\/v2\/pages\/240"}],"collection":[{"href":"https:\/\/rivieraestatespain.es\/es\/wp-json\/wp\/v2\/pages"}],"about":[{"href":"https:\/\/rivieraestatespain.es\/es\/wp-json\/wp\/v2\/types\/page"}],"author":[{"embeddable":true,"href":"https:\/\/rivieraestatespain.es\/es\/wp-json\/wp\/v2\/users\/2"}],"replies":[{"embeddable":true,"href":"https:\/\/rivieraestatespain.es\/es\/wp-json\/wp\/v2\/comments?post=240"}],"version-history":[{"count":3,"href":"https:\/\/rivieraestatespain.es\/es\/wp-json\/wp\/v2\/pages\/240\/revisions"}],"predecessor-version":[{"id":246,"href":"https:\/\/rivieraestatespain.es\/es\/wp-json\/wp\/v2\/pages\/240\/revisions\/246"}],"wp:attachment":[{"href":"https:\/\/rivieraestatespain.es\/es\/wp-json\/wp\/v2\/media?parent=240"}],"curies":[{"name":"wp","href":"https:\/\/api.w.org\/{rel}","templated":true}]}}