{"id":340,"date":"2019-03-04T17:21:49","date_gmt":"2019-03-04T17:21:49","guid":{"rendered":"https:\/\/rivieraestatespain.es\/about-us\/"},"modified":"2021-03-04T13:15:03","modified_gmt":"2021-03-04T12:15:03","slug":"about-us","status":"publish","type":"page","link":"https:\/\/rivieraestatespain.es\/de\/about-us\/","title":{"rendered":"About Us"},"content":{"rendered":"<p>[et_pb_section fb_built=&#8220;1&#8243; _builder_version=&#8220;3.22&#8243; background_color=&#8220;#ED6801&#8243; custom_padding=&#8220;0px||0px||true&#8220;][et_pb_row _builder_version=&#8220;3.25&#8243;][et_pb_column type=&#8220;4_4&#8243; _builder_version=&#8220;3.25&#8243; custom_padding=&#8220;|||&#8220; custom_padding__hover=&#8220;|||&#8220;][et_pb_text _builder_version=&#8220;4.9.1&#8243; header_font=&#8220;||||||||&#8220; header_text_color=&#8220;#ffffff&#8220; hover_enabled=&#8220;0&#8243; sticky_enabled=&#8220;0&#8243;]<\/p>\n<h1>\u00dcBER UNS<\/h1>\n<p>[\/et_pb_text][\/et_pb_column][\/et_pb_row][\/et_pb_section][et_pb_section fb_built=&#8220;1&#8243; _builder_version=&#8220;3.22&#8243;][et_pb_row column_structure=&#8220;2_5,3_5&#8243; _builder_version=&#8220;3.25&#8243; custom_padding=&#8220;||0px&#8220;][et_pb_column type=&#8220;2_5&#8243; _builder_version=&#8220;3.25&#8243; custom_padding=&#8220;|||&#8220; custom_padding__hover=&#8220;|||&#8220;][et_pb_image src=&#8220;https:\/\/rivieraestatespain.es\/wp-content\/uploads\/2019\/03\/people-with-sign.jpg&#8220; align_tablet=&#8220;center&#8220; align_phone=&#8220;&#8220; align_last_edited=&#8220;on|desktop&#8220; _builder_version=&#8220;3.23&#8243;][\/et_pb_image][\/et_pb_column][et_pb_column type=&#8220;3_5&#8243; _builder_version=&#8220;3.25&#8243; custom_padding=&#8220;|||&#8220; custom_padding__hover=&#8220;|||&#8220;][et_pb_text _builder_version=&#8220;4.9.1&#8243; text_font=&#8220;||||||||&#8220; hover_enabled=&#8220;0&#8243; sticky_enabled=&#8220;0&#8243;]<\/p>\n<p><strong>Willkommen auf der Riviera Estate Webseite. Wir sind ein Team erfahrener und mehrsprachiger\u00a0 Immobilienberater an der Costa del Sol, die hart daran arbeiten, die besten Ergebnisse f\u00fcr alle Ihre Immobilienforderungen zu erzielen.<\/strong><\/p>\n<p>\u00dcber unser Netzwerk von mehr als 800 Vertretern haben wir direkten Zugang zu allen Immobilien an der Costa del Sol. Mehr als 40.000 Immobilien stehen zur Wahl. Wenn wir nicht genau die gew\u00fcnschte Immobilie finden k\u00f6nnen bedeutet dies, da\u00df es kein Ihren Vorstellungen entsprechendes Angebot gibt! Sparen Sie Ihre Zeit und lassen Sie\u00a0 die Arbeit durch uns Profis f\u00fcr Sie erledigen.<\/p>\n<p>Mit seinem Mikroklima von durchschnittlich 320 Sonnentagen im Jahr in der Region Costa del Sol gibt es in Europa kein vergleichbares Klima.<\/p>\n<p>[\/et_pb_text][\/et_pb_column][\/et_pb_row][et_pb_row _builder_version=&#8220;3.25&#8243; custom_padding=&#8220;0px||&#8220;][et_pb_column type=&#8220;4_4&#8243; _builder_version=&#8220;3.25&#8243; custom_padding=&#8220;|||&#8220; custom_padding__hover=&#8220;|||&#8220;][et_pb_text _builder_version=&#8220;4.9.1&#8243; hover_enabled=&#8220;0&#8243; sticky_enabled=&#8220;0&#8243;]<\/p>\n<p>Es ist zu empfehlen, da\u00df derzeitige Preisniveau zu nutzen und vom Immobilien-Kapitalwachstum zu profitieren, da das verglichen mit der aktuellen Situation im Finanzmarktbereich eine positive langfristige Entwicklung erkennen l\u00e4sst. Dies unterstreicht, da\u00df die aktuelle Immobilienmarkt-Lage positiv f\u00fcr K\u00e4ufer ist!<\/p>\n<p>Wir bieten Ihnen eine breite Palette von Immobilien, die Sie Interessieren k\u00f6nnten, wie zum Beispiel:<\/p>\n<ul>\n<li><span>Villen, Stadth\u00e4user<\/span><\/li>\n<li><span>Wohneinheiten als Ferienhaus oder Wohnsitz<\/span><\/li>\n<li><span>Gesch\u00e4ftsr\u00e4ume f\u00fcr alle Arten von Unternehmen (Bars, Restaurants, B\u00fcros usw.)<\/span><\/li>\n<li><span>Grundst\u00fccke f\u00fcr Einfamilienh\u00e4user oder Wohnungen bzw. Stadth\u00e4user im Rahmen <\/span>der Gemeinde-Planungen.<\/li>\n<\/ul>\n<p>Unser B\u00fcros befindet sich an der Riviera del Sol. An diesem Standort k\u00f6nnen wir die beste Auswahl an Immobilien anbieten, egal ob Sie ein Ferienhaus oder ein dauerhaften Wohnsitz hier an der Costa del Sol suchen.<\/p>\n<p>Wenn Sie eine Immobilie in Marbella oder Mijas Costa, in der Umgebung oder an der Costa der Sol kaufen, verkaufen oder vermieten m\u00f6chten, garantieren wir einen professionellen und pers\u00f6nlichen Service mit direkter Beratung.<\/p>\n<p>Wir unterst\u00fctzen Sie ebenfalls in erforderlichen Bank- und Hypotheken- Angelegenheiten, der M\u00f6blierung und Renovierung Ihrer Immobilie nach Ihren Vorstellungen sowie bei Juristischen Fragen.<\/p>\n<p>Wir werden sorgf\u00e4ltig auf Ihre Bed\u00fcrfnisse eingehen und genau die Arten von Immobilien ausw\u00e4hlen, an denen Sie interessiert sind. Mit profunden Ortskenntnissen stellen wir sicher, dass die von Ihnen getroffene Wahl das richtige Objekt sein wird.<\/p>\n<p>Kontaktieren Sie uns bitte umgehend damit wir Sie davon \u00fcberzeugen k\u00f6nnen der richtige und professionelle Immobilienexperte f\u00fcr die Realisierung Ihres Projektes sind.<\/p>\n<p>[\/et_pb_text][et_pb_text _builder_version=&#8220;3.27.4&#8243;]<script>\/\/ <![CDATA[\nfunction goBack() { window.history.back() }\n\/\/ ]]><\/script><br \/>\n<button onclick=\"goBack()\">Go Back<\/button>[\/et_pb_text][\/et_pb_column][\/et_pb_row][\/et_pb_section]<\/p>\n","protected":false},"excerpt":{"rendered":"<p>[et_pb_section fb_built=&#8220;1&#8243; _builder_version=&#8220;3.22&#8243; background_color=&#8220;#ED6801&#8243; custom_padding=&#8220;0px||0px||true&#8220;][et_pb_row _builder_version=&#8220;3.25&#8243;][et_pb_column type=&#8220;4_4&#8243; _builder_version=&#8220;3.25&#8243; custom_padding=&#8220;|||&#8220; custom_padding__hover=&#8220;|||&#8220;][et_pb_text _builder_version=&#8220;4.9.1&#8243; header_font=&#8220;||||||||&#8220; header_text_color=&#8220;#ffffff&#8220; hover_enabled=&#8220;0&#8243; sticky_enabled=&#8220;0&#8243;] \u00dcBER UNS [\/et_pb_text][\/et_pb_column][\/et_pb_row][\/et_pb_section][et_pb_section fb_built=&#8220;1&#8243; _builder_version=&#8220;3.22&#8243;][et_pb_row column_structure=&#8220;2_5,3_5&#8243; _builder_version=&#8220;3.25&#8243; custom_padding=&#8220;||0px&#8220;][et_pb_column type=&#8220;2_5&#8243; _builder_version=&#8220;3.25&#8243; custom_padding=&#8220;|||&#8220; custom_padding__hover=&#8220;|||&#8220;][et_pb_image src=&#8220;https:\/\/rivieraestatespain.es\/wp-content\/uploads\/2019\/03\/people-with-sign.jpg&#8220; align_tablet=&#8220;center&#8220; align_phone=&#8220;&#8220; align_last_edited=&#8220;on|desktop&#8220; _builder_version=&#8220;3.23&#8243;][\/et_pb_image][\/et_pb_column][et_pb_column type=&#8220;3_5&#8243; _builder_version=&#8220;3.25&#8243; custom_padding=&#8220;|||&#8220; custom_padding__hover=&#8220;|||&#8220;][et_pb_text _builder_version=&#8220;4.9.1&#8243; text_font=&#8220;||||||||&#8220; hover_enabled=&#8220;0&#8243; sticky_enabled=&#8220;0&#8243;] Willkommen auf der Riviera Estate Webseite. Wir sind ein Team erfahrener und mehrsprachiger\u00a0 Immobilienberater an [&hellip;]<\/p>\n","protected":false},"author":2,"featured_media":0,"parent":0,"menu_order":0,"comment_status":"closed","ping_status":"closed","template":"","meta":{"_et_pb_use_builder":"on","_et_pb_old_content":"","_et_gb_content_width":""},"_links":{"self":[{"href":"https:\/\/rivieraestatespain.es\/de\/wp-json\/wp\/v2\/pages\/340"}],"collection":[{"href":"https:\/\/rivieraestatespain.es\/de\/wp-json\/wp\/v2\/pages"}],"about":[{"href":"https:\/\/rivieraestatespain.es\/de\/wp-json\/wp\/v2\/types\/page"}],"author":[{"embeddable":true,"href":"https:\/\/rivieraestatespain.es\/de\/wp-json\/wp\/v2\/users\/2"}],"replies":[{"embeddable":true,"href":"https:\/\/rivieraestatespain.es\/de\/wp-json\/wp\/v2\/comments?post=340"}],"version-history":[{"count":2,"href":"https:\/\/rivieraestatespain.es\/de\/wp-json\/wp\/v2\/pages\/340\/revisions"}],"predecessor-version":[{"id":343,"href":"https:\/\/rivieraestatespain.es\/de\/wp-json\/wp\/v2\/pages\/340\/revisions\/343"}],"wp:attachment":[{"href":"https:\/\/rivieraestatespain.es\/de\/wp-json\/wp\/v2\/media?parent=340"}],"curies":[{"name":"wp","href":"https:\/\/api.w.org\/{rel}","templated":true}]}}